{"id":3,"date":"2025-07-10T11:23:42","date_gmt":"2025-07-10T09:23:42","guid":{"rendered":"https:\/\/postmasterapp.com\/?page_id=3"},"modified":"2025-08-27T11:59:49","modified_gmt":"2025-08-27T09:59:49","slug":"polityka-prywatnosci","status":"publish","type":"page","link":"https:\/\/postmasterapp.com\/en\/polityka-prywatnosci\/","title":{"rendered":"Privacy policy"},"content":{"rendered":"<p>Last updated: 27\/08\/2025<\/p>\n\n\n\n<h2 class=\"wp-block-heading\">1. General information<\/h2>\n\n\n\n<p class=\"translation-block\">This Privacy Policy applies to the <strong>Post Master<\/strong> desktop application, used for generating and publishing content on social media using artificial intelligence (AI). We respect user privacy and care about the security of data that may be processed in connection with using our application.<\/p>\n\n\n\n<h2 class=\"wp-block-heading\">2. Data administrator<\/h2>\n\n\n\n<p>The administrator of users' personal data is:<\/p>\n\n\n\n<p class=\"translation-block\"><strong>Bart\u0142omiej Schmidt Make Places Happen<\/strong><br>ul. Rogozi\u0144skiego 6\/7<br>31-559 Krak\u00f3w, Poland<br>NIP: 6792863492<br>E-mail: support@postmasterapp.com<br>Website: <a class=\"\" href=\"https:\/\/postmasterapp.com\/en\/\" target=\"_self\">https:\/\/postmasterapp.com<\/a><\/p>\n\n\n\n<h2 class=\"wp-block-heading\">3. Scope of data collection<\/h2>\n\n\n\n<p class=\"translation-block\">The application does not store any user data on external servers. All data, including:<\/p>\n\n\n\n<ul class=\"wp-block-list\">\n<li>content generated and published by the user,<\/li>\n<\/ul>\n\n\n\n<ul class=\"wp-block-list\">\n<li>application settings,<\/li>\n<\/ul>\n\n\n\n<ul class=\"wp-block-list\">\n<li class=\"translation-block\">login data to social media (if used),\nare stored exclusively locally on the user's device.<\/li>\n<\/ul>\n\n\n\n<p>We do not have access to data generated or stored locally.<\/p>\n\n\n\n<h2 class=\"wp-block-heading\">4. Purchases and personal data<\/h2>\n\n\n\n<p class=\"translation-block\">The application is available for purchase through our website: <strong><a class=\"\" href=\"https:\/\/postmasterapp.com\/en\/\" target=\"_self\">https:\/\/postmasterapp.com<\/a><\/strong>. During the purchase process, personal data may be processed, such as:<\/p>\n\n\n\n<ul class=\"wp-block-list\">\n<li>first and last name,<\/li>\n\n\n\n<li>e-mail adress,<\/li>\n\n\n\n<li>billing data,<\/li>\n\n\n\n<li>technical information (e.g., IP address, browser type).<\/li>\n<\/ul>\n\n\n\n<p>This data is used exclusively for handling the purchase process, billing and customer support. The website is hosted on servers <strong>lh.pl<\/strong>.<\/p>\n\n\n\n<p>Payment data is processed by external payment operators in accordance with their privacy policies \u2013 we do not store it locally or on our servers.<\/p>\n\n\n\n<h2 class=\"wp-block-heading\">5. Marketing and consents<\/h2>\n\n\n\n<p>Dane kontaktowe u\u017cytkownik\u00f3w (np. adres e-mail) mog\u0105 by\u0107 wykorzystywane do przesy\u0142ania informacji marketingowych dotycz\u0105cych innych produkt\u00f3w i us\u0142ug firmy <strong>Bart\u0142omiej Schmidt Make Places Happen<\/strong> \u2013 <strong>wy\u0142\u0105cznie po wyra\u017ceniu przez u\u017cytkownika dobrowolnej zgody<\/strong>.<\/p>\n\n\n\n<p>U\u017cytkownik ma prawo w ka\u017cdej chwili wycofa\u0107 zgod\u0119 na przetwarzanie danych do cel\u00f3w marketingowych \u2013 bez wp\u0142ywu na zgodno\u015b\u0107 z prawem przetwarzania, kt\u00f3rego dokonano przed jej cofni\u0119ciem.<\/p>\n\n\n\n<h2 class=\"wp-block-heading\">6. Data processing by AI<\/h2>\n\n\n\n<p class=\"translation-block\">AI functions available in the application work **locally** or using external services (e.g., OpenAI), depending on the settings chosen by the user. When using external AI providers, data may be sent to these services solely for the purpose of implementing the application's functionality. Information about such processing is provided to the user each time.<\/p>\n\n\n\n<h2 class=\"wp-block-heading\">7. No sharing of data with third parties<\/h2>\n\n\n\n<p>We do not transfer any personal data or other information to third parties, unless required by law.<\/p>\n\n\n\n<h2 class=\"wp-block-heading\">8. Data security<\/h2>\n\n\n\n<p>We make every effort to ensure that user data is secure. Data stored locally on the user's device is not transmitted to our servers. We recommend users follow basic security principles, such as:<\/p>\n\n\n\n<ul class=\"wp-block-list\">\n<li>securing the device with a password,<\/li>\n\n\n\n<li>regular system and application updates.<\/li>\n\n\n\n<li>regularne aktualizacje systemu i aplikacji.<\/li>\n<\/ul>\n\n\n\n<h2 class=\"wp-block-heading\">9. User rights<\/h2>\n\n\n\n<p>In accordance with applicable regulations (e.g., GDPR), the user has the right to:<\/p>\n\n\n\n<ul class=\"wp-block-list\">\n<li>access to their data,<\/li>\n\n\n\n<li>rectification of data,<\/li>\n\n\n\n<li>erasure (\"right to be forgotten\"),<\/li>\n\n\n\n<li>restriction of processing,<\/li>\n\n\n\n<li>objection to processing,<\/li>\n\n\n\n<li>data portability,<\/li>\n\n\n\n<li>withdrawal of consent at any time.<\/li>\n<\/ul>\n\n\n\n<p>To exercise their rights, the user may contact the data administrator at the email address: support@postmasterapp.com.<\/p>\n\n\n\n<h2 class=\"wp-block-heading\">10. Contact<\/h2>\n\n\n\n<p>If you have any questions or concerns regarding privacy, please contact us:<\/p>\n\n\n\n<p class=\"translation-block\"><strong>Bart\u0142omiej Schmidt Make Places Happen<\/strong><br>E-mail: support@postmasterapp.com<br>Website: <a class=\"\" href=\"https:\/\/postmasterapp.com\/en\/\" target=\"_self\">https:\/\/postmasterapp.com<\/a><\/p>\n\n\n\n<hr class=\"wp-block-separator has-alpha-channel-opacity\"\/>\n\n\n\n<p><\/p>\n\n\n\n<p><\/p>","protected":false},"excerpt":{"rendered":"<p>Data ostatniej aktualizacji: 27.08.2025 1. Informacje og\u00f3lne Niniejsza Polityka Prywatno\u015bci dotyczy aplikacji desktopowej Post Master, s\u0142u\u017c\u0105cej do generowania oraz publikacji tre\u015bci na mediach spo\u0142eczno\u015bciowych z wykorzystaniem sztucznej inteligencji (AI). Szanujemy prywatno\u015b\u0107 u\u017cytkownik\u00f3w i dbamy o bezpiecze\u0144stwo danych, kt\u00f3re mog\u0105 by\u0107 przetwarzane w zwi\u0105zku z korzystaniem z naszej aplikacji. 2. Administrator danych Administratorem danych osobowych u\u017cytkownik\u00f3w [&hellip;]<\/p>","protected":false},"author":1,"featured_media":0,"parent":0,"menu_order":0,"comment_status":"closed","ping_status":"open","template":"","meta":{"om_disable_all_campaigns":false,"_monsterinsights_skip_tracking":false,"_monsterinsights_sitenote_active":false,"_monsterinsights_sitenote_note":"","_monsterinsights_sitenote_category":0,"_uf_show_specific_survey":0,"_uf_disable_surveys":false,"footnotes":""},"class_list":["post-3","page","type-page","status-publish","hentry"],"aioseo_notices":[],"jetpack_sharing_enabled":true,"_links":{"self":[{"href":"https:\/\/postmasterapp.com\/en\/wp-json\/wp\/v2\/pages\/3","targetHints":{"allow":["GET"]}}],"collection":[{"href":"https:\/\/postmasterapp.com\/en\/wp-json\/wp\/v2\/pages"}],"about":[{"href":"https:\/\/postmasterapp.com\/en\/wp-json\/wp\/v2\/types\/page"}],"author":[{"embeddable":true,"href":"https:\/\/postmasterapp.com\/en\/wp-json\/wp\/v2\/users\/1"}],"replies":[{"embeddable":true,"href":"https:\/\/postmasterapp.com\/en\/wp-json\/wp\/v2\/comments?post=3"}],"version-history":[{"count":8,"href":"https:\/\/postmasterapp.com\/en\/wp-json\/wp\/v2\/pages\/3\/revisions"}],"predecessor-version":[{"id":356,"href":"https:\/\/postmasterapp.com\/en\/wp-json\/wp\/v2\/pages\/3\/revisions\/356"}],"wp:attachment":[{"href":"https:\/\/postmasterapp.com\/en\/wp-json\/wp\/v2\/media?parent=3"}],"curies":[{"name":"wp","href":"https:\/\/api.w.org\/{rel}","templated":true}]}}