{"id":259,"date":"2025-08-06T12:01:54","date_gmt":"2025-08-06T10:01:54","guid":{"rendered":"https:\/\/postmasterapp.com\/?post_type=product&#038;p=259"},"modified":"2025-12-29T14:53:09","modified_gmt":"2025-12-29T13:53:09","slug":"postmaster-klucz-aktywacyjny","status":"publish","type":"product","link":"https:\/\/postmasterapp.com\/en\/product\/postmaster-klucz-aktywacyjny\/","title":{"rendered":"Postmaster - activation key"},"content":{"rendered":"<p data-start=\"209\" data-end=\"448\" class=\"translation-block\">Get full access to the <strong data-start=\"243\" data-end=\"257\">Postmaster<\/strong> application \u2013 a tool for creating and publishing social media posts with AI assistance.<br data-start=\"333\" data-end=\"336\">After purchase, you will receive a <strong data-start=\"357\" data-end=\"389\">one-time license key<\/strong> that activates the full version of the program on your computer.<\/p>\n<hr data-start=\"450\" data-end=\"453\" \/>\n<h4 data-start=\"455\" data-end=\"475\">\u2705 What do you get?<\/h4>\n<ul data-start=\"476\" data-end=\"789\">\n<li data-start=\"476\" data-end=\"549\">\n<p data-start=\"478\" data-end=\"549\">Full version of the Postmaster application (desktop version)<\/p>\n<\/li>\n<li data-start=\"550\" data-end=\"596\">\n<p data-start=\"552\" data-end=\"596\" class=\"translation-block\">Lifetime license \u2013 <strong data-start=\"576\" data-end=\"594\">no subscription<\/strong><\/p>\n<\/li>\n<li data-start=\"597\" data-end=\"681\">\n<p data-start=\"599\" data-end=\"681\">Ability to use AI to generate content (payment only for tokens used)<\/p>\n<\/li>\n<li data-start=\"682\" data-end=\"748\">\n<p data-start=\"684\" data-end=\"748\">Full privacy protection \u2013 data is not sent to the cloud<\/p>\n<\/li>\n<li data-start=\"749\" data-end=\"789\">\n<p data-start=\"751\" data-end=\"789\">One-click post publishing<\/p>\n<\/li>\n<\/ul>\n<hr data-start=\"791\" data-end=\"794\" \/>\n<p data-start=\"796\" data-end=\"917\">\ud83d\udd10 <strong data-start=\"799\" data-end=\"824\">Bezpieczna aktywacja:<\/strong><br data-start=\"824\" data-end=\"827\" \/>Klucz licencyjny dzia\u0142a na jednym urz\u0105dzeniu i nie wymaga sta\u0142ego po\u0142\u0105czenia z internetem.<\/p>\n<p data-start=\"919\" data-end=\"993\">\ud83d\udce6 <strong data-start=\"922\" data-end=\"949\">Dostarczany natychmiast<\/strong> po zakupie \u2013 e-mailem.<br \/>\n<strong>Zakup Produktu oznacza wyra\u017cenie zgody na rozpocz\u0119cie \u015bwiadczenia us\u0142ugi przed up\u0142ywem 14 dni od zawarcia umowy oraz rezygnacj\u0119 z prawa odst\u0105pienia od umowy.<\/strong><\/p>\n<p data-start=\"919\" data-end=\"993\"><a href=\"https:\/\/postmasterapp.com\/en\/regulamin-sklepu\/\">Store terms and conditions<\/a><\/p>","protected":false},"excerpt":{"rendered":"<p>Uzyskaj pe\u0142ny dost\u0119p do aplikacji Postmaster \u2013 narz\u0119dzia do tworzenia i publikowania post\u00f3w na social media z pomoc\u0105 AI.Po zakupie otrzymasz jednorazowy klucz licencyjny, kt\u00f3ry aktywuje pe\u0142n\u0105 wersj\u0119 programu na Twoim komputerze. \u2705 Co zyskujesz? Pe\u0142n\u0105 wersj\u0119 aplikacji Postmaster (wersja desktopowa) Bezterminow\u0105 licencj\u0119 \u2013 bez abonamentu Mo\u017cliwo\u015b\u0107 korzystania z AI do generowania tre\u015bci (op\u0142ata tylko [&hellip;]<\/p>","protected":false},"featured_media":7,"comment_status":"open","ping_status":"closed","template":"","meta":{"om_disable_all_campaigns":false,"_monsterinsights_skip_tracking":false,"_monsterinsights_sitenote_active":false,"_monsterinsights_sitenote_note":"","_monsterinsights_sitenote_category":0,"_uf_show_specific_survey":0,"_uf_disable_surveys":false},"product_brand":[],"product_cat":[19],"product_tag":[],"class_list":{"0":"post-259","1":"product","2":"type-product","3":"status-publish","4":"has-post-thumbnail","6":"product_cat-bez-kategorii","8":"first","9":"instock","10":"virtual","11":"taxable","12":"purchasable","13":"product-type-simple"},"aioseo_notices":[],"jetpack_sharing_enabled":true,"_links":{"self":[{"href":"https:\/\/postmasterapp.com\/en\/wp-json\/wp\/v2\/product\/259","targetHints":{"allow":["GET"]}}],"collection":[{"href":"https:\/\/postmasterapp.com\/en\/wp-json\/wp\/v2\/product"}],"about":[{"href":"https:\/\/postmasterapp.com\/en\/wp-json\/wp\/v2\/types\/product"}],"replies":[{"embeddable":true,"href":"https:\/\/postmasterapp.com\/en\/wp-json\/wp\/v2\/comments?post=259"}],"wp:featuredmedia":[{"embeddable":true,"href":"https:\/\/postmasterapp.com\/en\/wp-json\/wp\/v2\/media\/7"}],"wp:attachment":[{"href":"https:\/\/postmasterapp.com\/en\/wp-json\/wp\/v2\/media?parent=259"}],"wp:term":[{"taxonomy":"product_brand","embeddable":true,"href":"https:\/\/postmasterapp.com\/en\/wp-json\/wp\/v2\/product_brand?post=259"},{"taxonomy":"product_cat","embeddable":true,"href":"https:\/\/postmasterapp.com\/en\/wp-json\/wp\/v2\/product_cat?post=259"},{"taxonomy":"product_tag","embeddable":true,"href":"https:\/\/postmasterapp.com\/en\/wp-json\/wp\/v2\/product_tag?post=259"}],"curies":[{"name":"wp","href":"https:\/\/api.w.org\/{rel}","templated":true}]}}